{"id":1269,"date":"2018-12-18T15:16:51","date_gmt":"2018-12-18T14:16:51","guid":{"rendered":"https:\/\/www.foodfibel.de\/blog\/?page_id=1269"},"modified":"2022-09-19T09:54:27","modified_gmt":"2022-09-19T07:54:27","slug":"about-frank-lewecke","status":"publish","type":"page","link":"https:\/\/www.foodfibel.de\/blog\/about-frank-lewecke\/","title":{"rendered":"Diplom-Biologe Frank Lewecke"},"content":{"rendered":"\n<p>Ern\u00e4hrungsberater, Coach f\u00fcr Fitness, Food, Gesundheit und Autor der Foodfibel.<\/p>\n\n\n\n<h2 class=\"wp-block-heading\">Vita<\/h2>\n\n\n\n<p>Auch wenn ich mittlerweile seit vielen Jahren in N\u00fcrnberg lebe und arbeite, so stamme ich urspr\u00fcnglich aus G\u00fctersloh NRW, und erst das Studium brachte mich Mitte der 80er nach Franken.<\/p>\n\n\n\n<p>1986 begann ich mein Biologie-Studium an der Universit\u00e4t Bayreuth und diese Jahre bilden bis heute die Basis meiner fachlichen Ausrichtung und Qualifikation.<\/p>\n\n\n\n<p>Zu meinen Hauptf\u00e4chern im Vordiplom z\u00e4hlten Organische Chemie, Experimentalphysik und Tierphysiologie. Mein Fokus im Hauptstudium und sp\u00e4teren Diplom lag auf den F\u00e4chern Genetik, Mikrobiologie und Toxikologie.\u00a0<a href=\"http:\/\/www.lewecke.net\/diplom\/\">> meine Diplomarbeit<\/a><\/p>\n\n\n\n<p>Nach erfolgreichem Diplomabschluss erhielt ich 1994 ein Stipendium der DFG am Graduiertenkolleg der Friedrich-Alexander-Universit\u00e4t Erlangen-N\u00fcrnberg. Allerdings konnten mich der medizinische Betrieb und die akademischen Abl\u00e4ufe nicht wirklich halten, und so zog ich einen vorzeitigen Schlussstrich unter meine Promotion.<\/p>\n\n\n\n<p>Mein weiteres Studium erfolgte daher in Eigenregie und setzt sich auch bis heute fort. Durch Bezug von internationaler Fachliteratur, insbesondere aus den USA, und in den letzten Jahren vor allem durch englischsprachige online Vortr\u00e4ge und Vorlesungen.<\/p>\n\n\n\n<p>Heute kann ich zur\u00fcckblicken auf rund 30 Jahre Erfahrung und Fachwissen zu Gesundheit und Ern\u00e4hrung. Und da diese Zusammenh\u00e4nge im medialen Mainstream oftmals fehlen, begann ich 2016 mit dem Foodfibel-Ern\u00e4hrungsblog.<\/p>\n\n\n\n<p>2018 erfolgte dann die Entwicklung der Foodfibel-Ern\u00e4hrungsapp. Eine Weiterentwicklung meiner bisherigen Ern\u00e4hrungspl\u00e4ne und einfacher Leitfaden auch f\u00fcr den Laien in Ern\u00e4hrungsfragen.<\/p>\n\n\n\n<h2 class=\"wp-block-heading\">Jenseits der Biologie<\/h2>\n\n\n\n<p>F\u00fcnf Lebensjahrzehnte lassen reichlich Zeit f\u00fcr Hobbys und Leidenschaften. Hierzu z\u00e4hlen meine Kunst und Malerei. Und wer mich googelt wird vermutlich mehr Inhalte \u00fcber den K\u00fcnstler als den Biologen Frank Lewecke finden, siehe <a href=\"https:\/\/de.wikipedia.org\/wiki\/Frank_Lewecke\">Wikipedia<\/a>.&nbsp;<\/p>\n\n\n\n<p>&nbsp;&nbsp;<\/p>\n","protected":false},"excerpt":{"rendered":"<p>Ern\u00e4hrungsberater, Coach f\u00fcr Fitness, Food, Gesundheit und Autor der Foodfibel. Vita Auch wenn ich mittlerweile seit vielen Jahren in N\u00fcrnberg lebe und arbeite, so stamme ich urspr\u00fcnglich aus G\u00fctersloh NRW, und erst das Studium brachte mich Mitte der 80er nach Franken. 1986 begann ich mein Biologie-Studium an der Universit\u00e4t Bayreuth und diese Jahre bilden bis &#8230;<\/p>\n<a href=\"https:\/\/www.foodfibel.de\/blog\/about-frank-lewecke\/\" class=\"read-more-link\">Weiterlesen <span class=\"meta-nav\">&rarr;<\/span><\/a>","protected":false},"author":1,"featured_media":1270,"parent":0,"menu_order":0,"comment_status":"closed","ping_status":"closed","template":"","meta":{"_lmt_disableupdate":"no","_lmt_disable":"","footnotes":""},"class_list":["post-1269","page","type-page","status-publish","has-post-thumbnail","hentry","penguin-post","penguin-post-not-sticky"],"yoast_head":"<!-- This site is optimized with the Yoast SEO plugin v27.4 - https:\/\/yoast.com\/product\/yoast-seo-wordpress\/ -->\n<title>Diplom-Biologe Frank Lewecke - Foodfibel<\/title>\n<meta name=\"description\" content=\"Frank Lewecke ist Coach f\u00fcr Fitness, Food, Gesundheit und Autor der Foodfibel. Der Biologe lebt und arbeitet in N\u00fcrnberg St. Peter.\" \/>\n<meta name=\"robots\" content=\"index, follow, max-snippet:-1, max-image-preview:large, max-video-preview:-1\" \/>\n<link rel=\"canonical\" href=\"https:\/\/www.foodfibel.de\/blog\/about-frank-lewecke\/\" \/>\n<meta property=\"og:locale\" content=\"de_DE\" \/>\n<meta property=\"og:type\" content=\"article\" \/>\n<meta property=\"og:title\" content=\"Diplom-Biologe Frank Lewecke - Foodfibel\" \/>\n<meta property=\"og:description\" content=\"Frank Lewecke ist Coach f\u00fcr Fitness, Food, Gesundheit und Autor der Foodfibel. Der Biologe lebt und arbeitet in N\u00fcrnberg St. Peter.\" \/>\n<meta property=\"og:url\" content=\"https:\/\/www.foodfibel.de\/blog\/about-frank-lewecke\/\" \/>\n<meta property=\"og:site_name\" content=\"Foodfibel\" \/>\n<meta property=\"article:publisher\" content=\"https:\/\/www.facebook.com\/foodfibel\" \/>\n<meta property=\"article:modified_time\" content=\"2022-09-19T07:54:27+00:00\" \/>\n<meta property=\"og:image\" content=\"https:\/\/www.foodfibel.de\/blog\/wp-content\/uploads\/2018\/12\/nbgcity1109-043-e1545142387856.jpg\" \/>\n\t<meta property=\"og:image:width\" content=\"1500\" \/>\n\t<meta property=\"og:image:height\" content=\"1000\" \/>\n\t<meta property=\"og:image:type\" content=\"image\/jpeg\" \/>\n<meta name=\"twitter:card\" content=\"summary_large_image\" \/>\n<meta name=\"twitter:site\" content=\"@foodfibel\" \/>\n<meta name=\"twitter:label1\" content=\"Gesch\u00e4tzte Lesezeit\" \/>\n\t<meta name=\"twitter:data1\" content=\"2\u00a0Minuten\" \/>\n<script type=\"application\/ld+json\" class=\"yoast-schema-graph\">{\"@context\":\"https:\\\/\\\/schema.org\",\"@graph\":[{\"@type\":\"WebPage\",\"@id\":\"https:\\\/\\\/www.foodfibel.de\\\/blog\\\/about-frank-lewecke\\\/\",\"url\":\"https:\\\/\\\/www.foodfibel.de\\\/blog\\\/about-frank-lewecke\\\/\",\"name\":\"Diplom-Biologe Frank Lewecke - Foodfibel\",\"isPartOf\":{\"@id\":\"https:\\\/\\\/www.foodfibel.de\\\/blog\\\/#website\"},\"primaryImageOfPage\":{\"@id\":\"https:\\\/\\\/www.foodfibel.de\\\/blog\\\/about-frank-lewecke\\\/#primaryimage\"},\"image\":{\"@id\":\"https:\\\/\\\/www.foodfibel.de\\\/blog\\\/about-frank-lewecke\\\/#primaryimage\"},\"thumbnailUrl\":\"https:\\\/\\\/www.foodfibel.de\\\/blog\\\/wp-content\\\/uploads\\\/2018\\\/12\\\/nbgcity1109-043-e1545142387856.jpg\",\"datePublished\":\"2018-12-18T14:16:51+00:00\",\"dateModified\":\"2022-09-19T07:54:27+00:00\",\"description\":\"Frank Lewecke ist Coach f\u00fcr Fitness, Food, Gesundheit und Autor der Foodfibel. Der Biologe lebt und arbeitet in N\u00fcrnberg St. Peter.\",\"breadcrumb\":{\"@id\":\"https:\\\/\\\/www.foodfibel.de\\\/blog\\\/about-frank-lewecke\\\/#breadcrumb\"},\"inLanguage\":\"de\",\"potentialAction\":[{\"@type\":\"ReadAction\",\"target\":[\"https:\\\/\\\/www.foodfibel.de\\\/blog\\\/about-frank-lewecke\\\/\"]}]},{\"@type\":\"ImageObject\",\"inLanguage\":\"de\",\"@id\":\"https:\\\/\\\/www.foodfibel.de\\\/blog\\\/about-frank-lewecke\\\/#primaryimage\",\"url\":\"https:\\\/\\\/www.foodfibel.de\\\/blog\\\/wp-content\\\/uploads\\\/2018\\\/12\\\/nbgcity1109-043-e1545142387856.jpg\",\"contentUrl\":\"https:\\\/\\\/www.foodfibel.de\\\/blog\\\/wp-content\\\/uploads\\\/2018\\\/12\\\/nbgcity1109-043-e1545142387856.jpg\",\"width\":1500,\"height\":1000},{\"@type\":\"BreadcrumbList\",\"@id\":\"https:\\\/\\\/www.foodfibel.de\\\/blog\\\/about-frank-lewecke\\\/#breadcrumb\",\"itemListElement\":[{\"@type\":\"ListItem\",\"position\":1,\"name\":\"Startseite\",\"item\":\"https:\\\/\\\/www.foodfibel.de\\\/blog\\\/\"},{\"@type\":\"ListItem\",\"position\":2,\"name\":\"Diplom-Biologe Frank Lewecke\"}]},{\"@type\":\"WebSite\",\"@id\":\"https:\\\/\\\/www.foodfibel.de\\\/blog\\\/#website\",\"url\":\"https:\\\/\\\/www.foodfibel.de\\\/blog\\\/\",\"name\":\"Foodfibel\",\"description\":\"Gesundheit und Ern\u00e4hrungstherapie\",\"publisher\":{\"@id\":\"https:\\\/\\\/www.foodfibel.de\\\/blog\\\/#organization\"},\"potentialAction\":[{\"@type\":\"SearchAction\",\"target\":{\"@type\":\"EntryPoint\",\"urlTemplate\":\"https:\\\/\\\/www.foodfibel.de\\\/blog\\\/?s={search_term_string}\"},\"query-input\":{\"@type\":\"PropertyValueSpecification\",\"valueRequired\":true,\"valueName\":\"search_term_string\"}}],\"inLanguage\":\"de\"},{\"@type\":\"Organization\",\"@id\":\"https:\\\/\\\/www.foodfibel.de\\\/blog\\\/#organization\",\"name\":\"Foodfibel\",\"url\":\"https:\\\/\\\/www.foodfibel.de\\\/blog\\\/\",\"logo\":{\"@type\":\"ImageObject\",\"inLanguage\":\"de\",\"@id\":\"https:\\\/\\\/www.foodfibel.de\\\/blog\\\/#\\\/schema\\\/logo\\\/image\\\/\",\"url\":\"https:\\\/\\\/www.foodfibel.de\\\/blog\\\/wp-content\\\/uploads\\\/2023\\\/05\\\/cropped-website-logo-36.png\",\"contentUrl\":\"https:\\\/\\\/www.foodfibel.de\\\/blog\\\/wp-content\\\/uploads\\\/2023\\\/05\\\/cropped-website-logo-36.png\",\"width\":100,\"height\":100,\"caption\":\"Foodfibel\"},\"image\":{\"@id\":\"https:\\\/\\\/www.foodfibel.de\\\/blog\\\/#\\\/schema\\\/logo\\\/image\\\/\"},\"sameAs\":[\"https:\\\/\\\/www.facebook.com\\\/foodfibel\",\"https:\\\/\\\/x.com\\\/foodfibel\",\"https:\\\/\\\/www.instagram.com\\\/frank_lewecke\\\/\",\"https:\\\/\\\/t.me\\\/foodfibel\",\"https:\\\/\\\/de.pinterest.com\\\/foodfibel\"]}]}<\/script>\n<!-- \/ Yoast SEO plugin. -->","yoast_head_json":{"title":"Diplom-Biologe Frank Lewecke - Foodfibel","description":"Frank Lewecke ist Coach f\u00fcr Fitness, Food, Gesundheit und Autor der Foodfibel. Der Biologe lebt und arbeitet in N\u00fcrnberg St. Peter.","robots":{"index":"index","follow":"follow","max-snippet":"max-snippet:-1","max-image-preview":"max-image-preview:large","max-video-preview":"max-video-preview:-1"},"canonical":"https:\/\/www.foodfibel.de\/blog\/about-frank-lewecke\/","og_locale":"de_DE","og_type":"article","og_title":"Diplom-Biologe Frank Lewecke - Foodfibel","og_description":"Frank Lewecke ist Coach f\u00fcr Fitness, Food, Gesundheit und Autor der Foodfibel. Der Biologe lebt und arbeitet in N\u00fcrnberg St. Peter.","og_url":"https:\/\/www.foodfibel.de\/blog\/about-frank-lewecke\/","og_site_name":"Foodfibel","article_publisher":"https:\/\/www.facebook.com\/foodfibel","article_modified_time":"2022-09-19T07:54:27+00:00","og_image":[{"width":1500,"height":1000,"url":"https:\/\/www.foodfibel.de\/blog\/wp-content\/uploads\/2018\/12\/nbgcity1109-043-e1545142387856.jpg","type":"image\/jpeg"}],"twitter_card":"summary_large_image","twitter_site":"@foodfibel","twitter_misc":{"Gesch\u00e4tzte Lesezeit":"2\u00a0Minuten"},"schema":{"@context":"https:\/\/schema.org","@graph":[{"@type":"WebPage","@id":"https:\/\/www.foodfibel.de\/blog\/about-frank-lewecke\/","url":"https:\/\/www.foodfibel.de\/blog\/about-frank-lewecke\/","name":"Diplom-Biologe Frank Lewecke - Foodfibel","isPartOf":{"@id":"https:\/\/www.foodfibel.de\/blog\/#website"},"primaryImageOfPage":{"@id":"https:\/\/www.foodfibel.de\/blog\/about-frank-lewecke\/#primaryimage"},"image":{"@id":"https:\/\/www.foodfibel.de\/blog\/about-frank-lewecke\/#primaryimage"},"thumbnailUrl":"https:\/\/www.foodfibel.de\/blog\/wp-content\/uploads\/2018\/12\/nbgcity1109-043-e1545142387856.jpg","datePublished":"2018-12-18T14:16:51+00:00","dateModified":"2022-09-19T07:54:27+00:00","description":"Frank Lewecke ist Coach f\u00fcr Fitness, Food, Gesundheit und Autor der Foodfibel. Der Biologe lebt und arbeitet in N\u00fcrnberg St. Peter.","breadcrumb":{"@id":"https:\/\/www.foodfibel.de\/blog\/about-frank-lewecke\/#breadcrumb"},"inLanguage":"de","potentialAction":[{"@type":"ReadAction","target":["https:\/\/www.foodfibel.de\/blog\/about-frank-lewecke\/"]}]},{"@type":"ImageObject","inLanguage":"de","@id":"https:\/\/www.foodfibel.de\/blog\/about-frank-lewecke\/#primaryimage","url":"https:\/\/www.foodfibel.de\/blog\/wp-content\/uploads\/2018\/12\/nbgcity1109-043-e1545142387856.jpg","contentUrl":"https:\/\/www.foodfibel.de\/blog\/wp-content\/uploads\/2018\/12\/nbgcity1109-043-e1545142387856.jpg","width":1500,"height":1000},{"@type":"BreadcrumbList","@id":"https:\/\/www.foodfibel.de\/blog\/about-frank-lewecke\/#breadcrumb","itemListElement":[{"@type":"ListItem","position":1,"name":"Startseite","item":"https:\/\/www.foodfibel.de\/blog\/"},{"@type":"ListItem","position":2,"name":"Diplom-Biologe Frank Lewecke"}]},{"@type":"WebSite","@id":"https:\/\/www.foodfibel.de\/blog\/#website","url":"https:\/\/www.foodfibel.de\/blog\/","name":"Foodfibel","description":"Gesundheit und Ern\u00e4hrungstherapie","publisher":{"@id":"https:\/\/www.foodfibel.de\/blog\/#organization"},"potentialAction":[{"@type":"SearchAction","target":{"@type":"EntryPoint","urlTemplate":"https:\/\/www.foodfibel.de\/blog\/?s={search_term_string}"},"query-input":{"@type":"PropertyValueSpecification","valueRequired":true,"valueName":"search_term_string"}}],"inLanguage":"de"},{"@type":"Organization","@id":"https:\/\/www.foodfibel.de\/blog\/#organization","name":"Foodfibel","url":"https:\/\/www.foodfibel.de\/blog\/","logo":{"@type":"ImageObject","inLanguage":"de","@id":"https:\/\/www.foodfibel.de\/blog\/#\/schema\/logo\/image\/","url":"https:\/\/www.foodfibel.de\/blog\/wp-content\/uploads\/2023\/05\/cropped-website-logo-36.png","contentUrl":"https:\/\/www.foodfibel.de\/blog\/wp-content\/uploads\/2023\/05\/cropped-website-logo-36.png","width":100,"height":100,"caption":"Foodfibel"},"image":{"@id":"https:\/\/www.foodfibel.de\/blog\/#\/schema\/logo\/image\/"},"sameAs":["https:\/\/www.facebook.com\/foodfibel","https:\/\/x.com\/foodfibel","https:\/\/www.instagram.com\/frank_lewecke\/","https:\/\/t.me\/foodfibel","https:\/\/de.pinterest.com\/foodfibel"]}]}},"_links":{"self":[{"href":"https:\/\/www.foodfibel.de\/blog\/wp-json\/wp\/v2\/pages\/1269","targetHints":{"allow":["GET"]}}],"collection":[{"href":"https:\/\/www.foodfibel.de\/blog\/wp-json\/wp\/v2\/pages"}],"about":[{"href":"https:\/\/www.foodfibel.de\/blog\/wp-json\/wp\/v2\/types\/page"}],"author":[{"embeddable":true,"href":"https:\/\/www.foodfibel.de\/blog\/wp-json\/wp\/v2\/users\/1"}],"replies":[{"embeddable":true,"href":"https:\/\/www.foodfibel.de\/blog\/wp-json\/wp\/v2\/comments?post=1269"}],"version-history":[{"count":0,"href":"https:\/\/www.foodfibel.de\/blog\/wp-json\/wp\/v2\/pages\/1269\/revisions"}],"wp:featuredmedia":[{"embeddable":true,"href":"https:\/\/www.foodfibel.de\/blog\/wp-json\/wp\/v2\/media\/1270"}],"wp:attachment":[{"href":"https:\/\/www.foodfibel.de\/blog\/wp-json\/wp\/v2\/media?parent=1269"}],"curies":[{"name":"wp","href":"https:\/\/api.w.org\/{rel}","templated":true}]}}