{"id":568,"date":"2018-04-07T16:57:48","date_gmt":"2018-04-07T14:57:48","guid":{"rendered":"http:\/\/www.foodfibel.de\/blog\/?page_id=568"},"modified":"2018-04-07T17:10:52","modified_gmt":"2018-04-07T15:10:52","slug":"disclaimer","status":"publish","type":"page","link":"https:\/\/www.foodfibel.de\/blog\/disclaimer\/","title":{"rendered":"Haftungsausschluss"},"content":{"rendered":"<h2>1. Inhalt des Onlineangebotes<\/h2>\n<p>Der Autor \u00fcbernimmt keinerlei Gew\u00e4hr f\u00fcr die Aktualit\u00e4t, Korrektheit, Vollst\u00e4ndigkeit oder Qualit\u00e4t der bereitgestellten Informationen.<br \/>\nHaftungsanspr\u00fcche gegen den Autor, die sich auf Sch\u00e4den materieller oder ideeller Art beziehen,<br \/>\nwelche durch die Nutzung oder Nichtnutzung der dargebotenen Informationen bzw. durch die Nutzung fehlerhafter und unvollst\u00e4ndiger Informationen verursacht wurden sind grunds\u00e4tzlich ausgeschlossen,<br \/>\nsofern seitens des Autors kein nachweislich vors\u00e4tzliches oder grob fahrl\u00e4ssiges Verschulden vorliegt.<br \/>\nAlle Angebote sind freibleibend und unverbindlich.<br \/>\nDer Autor beh\u00e4lt es sich ausdr\u00fccklich vor, Teile der Seiten oder das gesamte Angebot ohne gesonderte Ank\u00fcndigung zu ver\u00e4ndern, zu erg\u00e4nzen, zu l\u00f6schen oder die Ver\u00f6ffentlichung zeitweise oder endg\u00fcltig einzustellen.<\/p>\n<h2>2. Verweise und Links<\/h2>\n<p>Sofern auf Verweisziele (&#8222;Links&#8220;) direkt oder indirekt verwiesen wird, die au\u00dferhalb des Verantwortungsbereiches des Autors liegen, haftet dieser nur dann,<br \/>\nwenn er von den Inhalten Kenntnis hat und es ihm technisch m\u00f6glich und zumutbar w\u00e4re, die Nutzung im Falle rechtswidriger Inhalte zu verhindern.<br \/>\nF\u00fcr dar\u00fcber hinausgehende Inhalte und insbesondere f\u00fcr Sch\u00e4den, die aus der Nutzung oder Nichtnutzung solcherart dargebotener Informationen entstehen,<br \/>\nhaftet allein der Anbieter dieser Seiten, nicht derjenige, der \u00fcber Links auf die jeweilige Ver\u00f6ffentlichung lediglich verweist.<\/p>\n<h2>3. Copyright<\/h2>\n<p>Die Inhalte dieser Website, inklusive Text und Bilder sind alle urheberrechtlich gesch\u00fctzt.<br \/>\nSie d\u00fcrfen weder kopiert, reproduziert, wiederver\u00f6ffentlicht, gedownloaded, gepostet, oder sonstwie versandt werden au\u00dfer zur eigenen privaten nicht-kommerziellen Verwendung.<br \/>\nF\u00fcr jegliche anderweitige Nutzung von Inhalten ist die schriftliche Zustimmung des Halters des Copyrights einzuholen.<br \/>\nKein Teil dieser Webseite darf zu kommerziellen Zwecken verbreitet oder kopiert werden.<br \/>\nDer Autor ist bestrebt, in allen Publikationen die Urheberrechte der verwendeten Grafiken, Sounds und Texte zu beachten,<br \/>\nvon ihm selbst erstellte Grafiken, Sounds und Texte zu nutzen oder auf lizenzfreie Grafiken, Sounds und Texte zur\u00fcckzugreifen.<br \/>\nSollte sich auf den jeweiligen Seiten dennoch eine ungekennzeichnete, aber durch fremdes Copyright gesch\u00fctzte Grafik oder Text befinden, so konnte das Copyright vom Autor nicht festgestellt werden.<br \/>\nIm Falle einer solchen unbeabsichtigten Copyrightverletzung wird der Autor das entsprechende Objekt nach Benachrichtigung aus seiner Publikation entfernen bzw. mit dem entsprechenden Copyright kenntlich machen.<br \/>\nDas Copyright f\u00fcr ver\u00f6ffentlichte, vom Autor selbst erstellte Objekte bleibt allein beim Autor der Seiten.<br \/>\nEine Vervielf\u00e4ltigung oder Verwendung solcher Grafiken oder Texte in anderen elektronischen oder gedruckten Publikationen ist ohne ausdr\u00fcckliche Zustimmung des Autors nicht gestattet.<\/p>\n","protected":false},"excerpt":{"rendered":"<p>1. Inhalt des Onlineangebotes Der Autor \u00fcbernimmt keinerlei Gew\u00e4hr f\u00fcr die Aktualit\u00e4t, Korrektheit, Vollst\u00e4ndigkeit oder Qualit\u00e4t der bereitgestellten Informationen. Haftungsanspr\u00fcche gegen den Autor, die sich auf Sch\u00e4den materieller oder ideeller Art beziehen, welche durch die Nutzung oder Nichtnutzung der dargebotenen Informationen bzw. durch die Nutzung fehlerhafter und unvollst\u00e4ndiger Informationen verursacht wurden sind grunds\u00e4tzlich ausgeschlossen, sofern &#8230;<\/p>\n<a href=\"https:\/\/www.foodfibel.de\/blog\/disclaimer\/\" class=\"read-more-link\">Weiterlesen <span class=\"meta-nav\">&rarr;<\/span><\/a>","protected":false},"author":1,"featured_media":555,"parent":0,"menu_order":0,"comment_status":"closed","ping_status":"closed","template":"","meta":{"_lmt_disableupdate":"","_lmt_disable":"","footnotes":""},"class_list":["post-568","page","type-page","status-publish","has-post-thumbnail","hentry","penguin-post","penguin-post-not-sticky"],"yoast_head":"<!-- This site is optimized with the Yoast SEO plugin v27.4 - https:\/\/yoast.com\/product\/yoast-seo-wordpress\/ -->\n<title>Haftungsausschluss - Foodfibel<\/title>\n<meta name=\"robots\" content=\"index, follow, max-snippet:-1, max-image-preview:large, max-video-preview:-1\" \/>\n<link rel=\"canonical\" href=\"https:\/\/www.foodfibel.de\/blog\/disclaimer\/\" \/>\n<meta property=\"og:locale\" content=\"de_DE\" \/>\n<meta property=\"og:type\" content=\"article\" \/>\n<meta property=\"og:title\" content=\"Haftungsausschluss - Foodfibel\" \/>\n<meta property=\"og:description\" content=\"1. Inhalt des Onlineangebotes Der Autor \u00fcbernimmt keinerlei Gew\u00e4hr f\u00fcr die Aktualit\u00e4t, Korrektheit, Vollst\u00e4ndigkeit oder Qualit\u00e4t der bereitgestellten Informationen. Haftungsanspr\u00fcche gegen den Autor, die sich auf Sch\u00e4den materieller oder ideeller Art beziehen, welche durch die Nutzung oder Nichtnutzung der dargebotenen Informationen bzw. durch die Nutzung fehlerhafter und unvollst\u00e4ndiger Informationen verursacht wurden sind grunds\u00e4tzlich ausgeschlossen, sofern ...\" \/>\n<meta property=\"og:url\" content=\"https:\/\/www.foodfibel.de\/blog\/disclaimer\/\" \/>\n<meta property=\"og:site_name\" content=\"Foodfibel\" \/>\n<meta property=\"article:publisher\" content=\"https:\/\/www.facebook.com\/foodfibel\" \/>\n<meta property=\"article:modified_time\" content=\"2018-04-07T15:10:52+00:00\" \/>\n<meta property=\"og:image\" content=\"https:\/\/www.foodfibel.de\/blog\/wp-content\/uploads\/2018\/04\/bg-home-fullscreen.jpg\" \/>\n\t<meta property=\"og:image:width\" content=\"2000\" \/>\n\t<meta property=\"og:image:height\" content=\"1216\" \/>\n\t<meta property=\"og:image:type\" content=\"image\/jpeg\" \/>\n<meta name=\"twitter:card\" content=\"summary_large_image\" \/>\n<meta name=\"twitter:site\" content=\"@foodfibel\" \/>\n<meta name=\"twitter:label1\" content=\"Gesch\u00e4tzte Lesezeit\" \/>\n\t<meta name=\"twitter:data1\" content=\"2\u00a0Minuten\" \/>\n<script type=\"application\/ld+json\" class=\"yoast-schema-graph\">{\"@context\":\"https:\\\/\\\/schema.org\",\"@graph\":[{\"@type\":\"WebPage\",\"@id\":\"https:\\\/\\\/www.foodfibel.de\\\/blog\\\/disclaimer\\\/\",\"url\":\"https:\\\/\\\/www.foodfibel.de\\\/blog\\\/disclaimer\\\/\",\"name\":\"Haftungsausschluss - Foodfibel\",\"isPartOf\":{\"@id\":\"https:\\\/\\\/www.foodfibel.de\\\/blog\\\/#website\"},\"primaryImageOfPage\":{\"@id\":\"https:\\\/\\\/www.foodfibel.de\\\/blog\\\/disclaimer\\\/#primaryimage\"},\"image\":{\"@id\":\"https:\\\/\\\/www.foodfibel.de\\\/blog\\\/disclaimer\\\/#primaryimage\"},\"thumbnailUrl\":\"https:\\\/\\\/www.foodfibel.de\\\/blog\\\/wp-content\\\/uploads\\\/2018\\\/04\\\/bg-home-fullscreen.jpg\",\"datePublished\":\"2018-04-07T14:57:48+00:00\",\"dateModified\":\"2018-04-07T15:10:52+00:00\",\"breadcrumb\":{\"@id\":\"https:\\\/\\\/www.foodfibel.de\\\/blog\\\/disclaimer\\\/#breadcrumb\"},\"inLanguage\":\"de\",\"potentialAction\":[{\"@type\":\"ReadAction\",\"target\":[\"https:\\\/\\\/www.foodfibel.de\\\/blog\\\/disclaimer\\\/\"]}]},{\"@type\":\"ImageObject\",\"inLanguage\":\"de\",\"@id\":\"https:\\\/\\\/www.foodfibel.de\\\/blog\\\/disclaimer\\\/#primaryimage\",\"url\":\"https:\\\/\\\/www.foodfibel.de\\\/blog\\\/wp-content\\\/uploads\\\/2018\\\/04\\\/bg-home-fullscreen.jpg\",\"contentUrl\":\"https:\\\/\\\/www.foodfibel.de\\\/blog\\\/wp-content\\\/uploads\\\/2018\\\/04\\\/bg-home-fullscreen.jpg\",\"width\":2000,\"height\":1216},{\"@type\":\"BreadcrumbList\",\"@id\":\"https:\\\/\\\/www.foodfibel.de\\\/blog\\\/disclaimer\\\/#breadcrumb\",\"itemListElement\":[{\"@type\":\"ListItem\",\"position\":1,\"name\":\"Startseite\",\"item\":\"https:\\\/\\\/www.foodfibel.de\\\/blog\\\/\"},{\"@type\":\"ListItem\",\"position\":2,\"name\":\"Haftungsausschluss\"}]},{\"@type\":\"WebSite\",\"@id\":\"https:\\\/\\\/www.foodfibel.de\\\/blog\\\/#website\",\"url\":\"https:\\\/\\\/www.foodfibel.de\\\/blog\\\/\",\"name\":\"Foodfibel\",\"description\":\"Gesundheit und Ern\u00e4hrungstherapie\",\"publisher\":{\"@id\":\"https:\\\/\\\/www.foodfibel.de\\\/blog\\\/#organization\"},\"potentialAction\":[{\"@type\":\"SearchAction\",\"target\":{\"@type\":\"EntryPoint\",\"urlTemplate\":\"https:\\\/\\\/www.foodfibel.de\\\/blog\\\/?s={search_term_string}\"},\"query-input\":{\"@type\":\"PropertyValueSpecification\",\"valueRequired\":true,\"valueName\":\"search_term_string\"}}],\"inLanguage\":\"de\"},{\"@type\":\"Organization\",\"@id\":\"https:\\\/\\\/www.foodfibel.de\\\/blog\\\/#organization\",\"name\":\"Foodfibel\",\"url\":\"https:\\\/\\\/www.foodfibel.de\\\/blog\\\/\",\"logo\":{\"@type\":\"ImageObject\",\"inLanguage\":\"de\",\"@id\":\"https:\\\/\\\/www.foodfibel.de\\\/blog\\\/#\\\/schema\\\/logo\\\/image\\\/\",\"url\":\"https:\\\/\\\/www.foodfibel.de\\\/blog\\\/wp-content\\\/uploads\\\/2023\\\/05\\\/cropped-website-logo-36.png\",\"contentUrl\":\"https:\\\/\\\/www.foodfibel.de\\\/blog\\\/wp-content\\\/uploads\\\/2023\\\/05\\\/cropped-website-logo-36.png\",\"width\":100,\"height\":100,\"caption\":\"Foodfibel\"},\"image\":{\"@id\":\"https:\\\/\\\/www.foodfibel.de\\\/blog\\\/#\\\/schema\\\/logo\\\/image\\\/\"},\"sameAs\":[\"https:\\\/\\\/www.facebook.com\\\/foodfibel\",\"https:\\\/\\\/x.com\\\/foodfibel\",\"https:\\\/\\\/www.instagram.com\\\/frank_lewecke\\\/\",\"https:\\\/\\\/t.me\\\/foodfibel\",\"https:\\\/\\\/de.pinterest.com\\\/foodfibel\"]}]}<\/script>\n<!-- \/ Yoast SEO plugin. -->","yoast_head_json":{"title":"Haftungsausschluss - Foodfibel","robots":{"index":"index","follow":"follow","max-snippet":"max-snippet:-1","max-image-preview":"max-image-preview:large","max-video-preview":"max-video-preview:-1"},"canonical":"https:\/\/www.foodfibel.de\/blog\/disclaimer\/","og_locale":"de_DE","og_type":"article","og_title":"Haftungsausschluss - Foodfibel","og_description":"1. Inhalt des Onlineangebotes Der Autor \u00fcbernimmt keinerlei Gew\u00e4hr f\u00fcr die Aktualit\u00e4t, Korrektheit, Vollst\u00e4ndigkeit oder Qualit\u00e4t der bereitgestellten Informationen. Haftungsanspr\u00fcche gegen den Autor, die sich auf Sch\u00e4den materieller oder ideeller Art beziehen, welche durch die Nutzung oder Nichtnutzung der dargebotenen Informationen bzw. durch die Nutzung fehlerhafter und unvollst\u00e4ndiger Informationen verursacht wurden sind grunds\u00e4tzlich ausgeschlossen, sofern ...","og_url":"https:\/\/www.foodfibel.de\/blog\/disclaimer\/","og_site_name":"Foodfibel","article_publisher":"https:\/\/www.facebook.com\/foodfibel","article_modified_time":"2018-04-07T15:10:52+00:00","og_image":[{"width":2000,"height":1216,"url":"https:\/\/www.foodfibel.de\/blog\/wp-content\/uploads\/2018\/04\/bg-home-fullscreen.jpg","type":"image\/jpeg"}],"twitter_card":"summary_large_image","twitter_site":"@foodfibel","twitter_misc":{"Gesch\u00e4tzte Lesezeit":"2\u00a0Minuten"},"schema":{"@context":"https:\/\/schema.org","@graph":[{"@type":"WebPage","@id":"https:\/\/www.foodfibel.de\/blog\/disclaimer\/","url":"https:\/\/www.foodfibel.de\/blog\/disclaimer\/","name":"Haftungsausschluss - Foodfibel","isPartOf":{"@id":"https:\/\/www.foodfibel.de\/blog\/#website"},"primaryImageOfPage":{"@id":"https:\/\/www.foodfibel.de\/blog\/disclaimer\/#primaryimage"},"image":{"@id":"https:\/\/www.foodfibel.de\/blog\/disclaimer\/#primaryimage"},"thumbnailUrl":"https:\/\/www.foodfibel.de\/blog\/wp-content\/uploads\/2018\/04\/bg-home-fullscreen.jpg","datePublished":"2018-04-07T14:57:48+00:00","dateModified":"2018-04-07T15:10:52+00:00","breadcrumb":{"@id":"https:\/\/www.foodfibel.de\/blog\/disclaimer\/#breadcrumb"},"inLanguage":"de","potentialAction":[{"@type":"ReadAction","target":["https:\/\/www.foodfibel.de\/blog\/disclaimer\/"]}]},{"@type":"ImageObject","inLanguage":"de","@id":"https:\/\/www.foodfibel.de\/blog\/disclaimer\/#primaryimage","url":"https:\/\/www.foodfibel.de\/blog\/wp-content\/uploads\/2018\/04\/bg-home-fullscreen.jpg","contentUrl":"https:\/\/www.foodfibel.de\/blog\/wp-content\/uploads\/2018\/04\/bg-home-fullscreen.jpg","width":2000,"height":1216},{"@type":"BreadcrumbList","@id":"https:\/\/www.foodfibel.de\/blog\/disclaimer\/#breadcrumb","itemListElement":[{"@type":"ListItem","position":1,"name":"Startseite","item":"https:\/\/www.foodfibel.de\/blog\/"},{"@type":"ListItem","position":2,"name":"Haftungsausschluss"}]},{"@type":"WebSite","@id":"https:\/\/www.foodfibel.de\/blog\/#website","url":"https:\/\/www.foodfibel.de\/blog\/","name":"Foodfibel","description":"Gesundheit und Ern\u00e4hrungstherapie","publisher":{"@id":"https:\/\/www.foodfibel.de\/blog\/#organization"},"potentialAction":[{"@type":"SearchAction","target":{"@type":"EntryPoint","urlTemplate":"https:\/\/www.foodfibel.de\/blog\/?s={search_term_string}"},"query-input":{"@type":"PropertyValueSpecification","valueRequired":true,"valueName":"search_term_string"}}],"inLanguage":"de"},{"@type":"Organization","@id":"https:\/\/www.foodfibel.de\/blog\/#organization","name":"Foodfibel","url":"https:\/\/www.foodfibel.de\/blog\/","logo":{"@type":"ImageObject","inLanguage":"de","@id":"https:\/\/www.foodfibel.de\/blog\/#\/schema\/logo\/image\/","url":"https:\/\/www.foodfibel.de\/blog\/wp-content\/uploads\/2023\/05\/cropped-website-logo-36.png","contentUrl":"https:\/\/www.foodfibel.de\/blog\/wp-content\/uploads\/2023\/05\/cropped-website-logo-36.png","width":100,"height":100,"caption":"Foodfibel"},"image":{"@id":"https:\/\/www.foodfibel.de\/blog\/#\/schema\/logo\/image\/"},"sameAs":["https:\/\/www.facebook.com\/foodfibel","https:\/\/x.com\/foodfibel","https:\/\/www.instagram.com\/frank_lewecke\/","https:\/\/t.me\/foodfibel","https:\/\/de.pinterest.com\/foodfibel"]}]}},"_links":{"self":[{"href":"https:\/\/www.foodfibel.de\/blog\/wp-json\/wp\/v2\/pages\/568","targetHints":{"allow":["GET"]}}],"collection":[{"href":"https:\/\/www.foodfibel.de\/blog\/wp-json\/wp\/v2\/pages"}],"about":[{"href":"https:\/\/www.foodfibel.de\/blog\/wp-json\/wp\/v2\/types\/page"}],"author":[{"embeddable":true,"href":"https:\/\/www.foodfibel.de\/blog\/wp-json\/wp\/v2\/users\/1"}],"replies":[{"embeddable":true,"href":"https:\/\/www.foodfibel.de\/blog\/wp-json\/wp\/v2\/comments?post=568"}],"version-history":[{"count":0,"href":"https:\/\/www.foodfibel.de\/blog\/wp-json\/wp\/v2\/pages\/568\/revisions"}],"wp:featuredmedia":[{"embeddable":true,"href":"https:\/\/www.foodfibel.de\/blog\/wp-json\/wp\/v2\/media\/555"}],"wp:attachment":[{"href":"https:\/\/www.foodfibel.de\/blog\/wp-json\/wp\/v2\/media?parent=568"}],"curies":[{"name":"wp","href":"https:\/\/api.w.org\/{rel}","templated":true}]}}