{"id":879,"date":"2018-11-29T08:27:34","date_gmt":"2018-11-29T07:27:34","guid":{"rendered":"https:\/\/www.foodfibel.de\/blog\/?page_id=879"},"modified":"2022-01-04T17:03:45","modified_gmt":"2022-01-04T16:03:45","slug":"gutschein","status":"publish","type":"page","link":"https:\/\/www.foodfibel.de\/blog\/gutschein\/","title":{"rendered":"Gesundheit f\u00fcr deine Lieben: mit dem Gutschein f\u00fcr die Foodfibel-App"},"content":{"rendered":"\n<p>Du suchst noch ein Geschenk f\u00fcr deine Lieben? Du m\u00f6chtest deinen Eltern zu mehr Gesundheit verhelfen? Deine Kinder k\u00f6nnten Anleitung bei gesunder Ern\u00e4hrung gebrauchen? Oder du m\u00f6chtest dir das Foodfibel-Programm selber schenken lassen? Kein Problem, denn mit dem neuen Gutschein ist das Verschenken der Foodfibel-App ganz besonders einfach.<\/p>\n\n\n\n<h3 class=\"wp-block-heading\">Wie funktionieren Kauf und Gutschein?<\/h3>\n\n\n\n<p>Nach dem Gutschein-Kauf erh\u00e4ltst du einen Download-Link. Damit kannst du den Gutschein direkt herunterladen und sofort ausdrucken.<\/p>\n\n\n\n<div class=\"wp-block-image is-style-default\"><figure class=\"aligncenter size-full\"><img decoding=\"async\" src=\"https:\/\/www.foodfibel.de\/blog\/wp-content\/uploads\/2021\/12\/xmas-gutschein-karte.jpg\" alt=\"\" class=\"wp-image-7871\"\/><figcaption>Foodfibel Gutschein, Pdf ausgedruckt, 105 x 210 mm, Vorderseite und R\u00fcckseite.<\/figcaption><\/figure><\/div>\n\n\n\n<div style=\"height:30px\" aria-hidden=\"true\" class=\"wp-block-spacer\"><\/div>\n\n\n\n<p>F\u00fcr die Bezahlung stehen dir zahlreiche Optionen zur Verf\u00fcgung. So zum Beispiel Paypal, Lastschrift, Giropay, Sofort\u00fcberweisung oder Zahlung auf Rechnung. Der Gutschein kostet 48 \u20ac wie auch die Foodfibel-App.<\/p>\n\n\n\n<h3 class=\"wp-block-heading\">Gutschein einl\u00f6sen<\/h3>\n\n\n\n<p>Das sp\u00e4tere Einl\u00f6sen des Gutscheines erfolgt in 3 Schritten:<\/p>\n\n\n\n<ol class=\"wp-block-list\"><li>In der Typbestimmung ermittelst du deinen biologischen Typ.<\/li><li>Dann w\u00e4hlst du an der dortigen Kasse die Bezahloption &#8222;Foodfibel Gutschein&#8220;.<\/li><li>Du schickst uns deinen Gutschein-Code.<\/li><\/ol>\n\n\n\n<div style=\"height:27px\" aria-hidden=\"true\" class=\"wp-block-spacer\"><\/div>\n\n\n\n<p>Im Anschluss bekommst du per eMail die Zugangsdaten f\u00fcr deine Foodfibel-App.<\/p>\n\n\n\n<div style=\"height:27px\" aria-hidden=\"true\" class=\"wp-block-spacer\"><\/div>\n\n\n\n<h3 class=\"wp-block-heading\">Der Vorteil:<\/h3>\n\n\n\n<p>Du hast ein pers\u00f6nliches Geschenk, das die Gesundheit und das Leben deiner Lieben von Grund auf zum Positiven ver\u00e4ndern kann. <\/p>\n\n\n\n<p>Durch die online-Bestellung sowie das Selber-Ausdrucken hast du sofort ein Geschenk in der Hand. Einfach und zeitnah.<\/p>\n\n\n\n<div style=\"height:39px\" aria-hidden=\"true\" class=\"wp-block-spacer\"><\/div>\n\n\n\n<p>Du m\u00f6chtest einen Gutschein kaufen und verschenken?<\/p>\n\n\n\n<div class=\"wp-block-buttons is-layout-flex wp-block-buttons-is-layout-flex\">\n<div class=\"wp-block-button\"><a class=\"wp-block-button__link\" href=\"https:\/\/www.foodfibel.de\/appstore\/gutschein\/\">weiter zur Kasse<\/a><\/div>\n<\/div>\n\n\n\n<div style=\"height:53px\" aria-hidden=\"true\" class=\"wp-block-spacer\"><\/div>\n\n\n\n<div style=\"height:72px\" aria-hidden=\"true\" class=\"wp-block-spacer\"><\/div>\n\n\n\n<div style=\"height:100px\" aria-hidden=\"true\" class=\"wp-block-spacer\"><\/div>\n","protected":false},"excerpt":{"rendered":"<p>Du suchst noch ein Geschenk f\u00fcr deine Lieben? Du m\u00f6chtest deinen Eltern zu mehr Gesundheit verhelfen? Deine Kinder k\u00f6nnten Anleitung bei gesunder Ern\u00e4hrung gebrauchen? Oder du m\u00f6chtest dir das Foodfibel-Programm selber schenken lassen? Kein Problem, denn mit dem neuen Gutschein ist das Verschenken der Foodfibel-App ganz besonders einfach. Wie funktionieren Kauf und Gutschein? Nach dem &#8230;<\/p>\n<a href=\"https:\/\/www.foodfibel.de\/blog\/gutschein\/\" class=\"read-more-link\">Weiterlesen <span class=\"meta-nav\">&rarr;<\/span><\/a>","protected":false},"author":1,"featured_media":7870,"parent":0,"menu_order":0,"comment_status":"closed","ping_status":"closed","template":"","meta":{"_lmt_disableupdate":"no","_lmt_disable":"","footnotes":""},"class_list":["post-879","page","type-page","status-publish","has-post-thumbnail","hentry","penguin-post","penguin-post-not-sticky"],"yoast_head":"<!-- This site is optimized with the Yoast SEO plugin v27.4 - https:\/\/yoast.com\/product\/yoast-seo-wordpress\/ -->\n<title>Gesundheit f\u00fcr deine Lieben: mit dem Gutschein f\u00fcr die Foodfibel-App - Foodfibel<\/title>\n<meta name=\"robots\" content=\"index, follow, max-snippet:-1, max-image-preview:large, max-video-preview:-1\" \/>\n<link rel=\"canonical\" href=\"https:\/\/www.foodfibel.de\/blog\/gutschein\/\" \/>\n<meta property=\"og:locale\" content=\"de_DE\" \/>\n<meta property=\"og:type\" content=\"article\" \/>\n<meta property=\"og:title\" content=\"Gesundheit f\u00fcr deine Lieben: mit dem Gutschein f\u00fcr die Foodfibel-App - Foodfibel\" \/>\n<meta property=\"og:description\" content=\"Du suchst noch ein Geschenk f\u00fcr deine Lieben? Du m\u00f6chtest deinen Eltern zu mehr Gesundheit verhelfen? Deine Kinder k\u00f6nnten Anleitung bei gesunder Ern\u00e4hrung gebrauchen? Oder du m\u00f6chtest dir das Foodfibel-Programm selber schenken lassen? Kein Problem, denn mit dem neuen Gutschein ist das Verschenken der Foodfibel-App ganz besonders einfach. Wie funktionieren Kauf und Gutschein? Nach dem ...\" \/>\n<meta property=\"og:url\" content=\"https:\/\/www.foodfibel.de\/blog\/gutschein\/\" \/>\n<meta property=\"og:site_name\" content=\"Foodfibel\" \/>\n<meta property=\"article:publisher\" content=\"https:\/\/www.facebook.com\/foodfibel\" \/>\n<meta property=\"article:modified_time\" content=\"2022-01-04T16:03:45+00:00\" \/>\n<meta property=\"og:image\" content=\"https:\/\/www.foodfibel.de\/blog\/wp-content\/uploads\/2021\/12\/xmas-2021-scaled.jpg\" \/>\n\t<meta property=\"og:image:width\" content=\"2560\" \/>\n\t<meta property=\"og:image:height\" content=\"1429\" \/>\n\t<meta property=\"og:image:type\" content=\"image\/jpeg\" \/>\n<meta name=\"twitter:card\" content=\"summary_large_image\" \/>\n<meta name=\"twitter:site\" content=\"@foodfibel\" \/>\n<meta name=\"twitter:label1\" content=\"Gesch\u00e4tzte Lesezeit\" \/>\n\t<meta name=\"twitter:data1\" content=\"2\u00a0Minuten\" \/>\n<script type=\"application\/ld+json\" class=\"yoast-schema-graph\">{\"@context\":\"https:\\\/\\\/schema.org\",\"@graph\":[{\"@type\":\"WebPage\",\"@id\":\"https:\\\/\\\/www.foodfibel.de\\\/blog\\\/gutschein\\\/\",\"url\":\"https:\\\/\\\/www.foodfibel.de\\\/blog\\\/gutschein\\\/\",\"name\":\"Gesundheit f\u00fcr deine Lieben: mit dem Gutschein f\u00fcr die Foodfibel-App - Foodfibel\",\"isPartOf\":{\"@id\":\"https:\\\/\\\/www.foodfibel.de\\\/blog\\\/#website\"},\"primaryImageOfPage\":{\"@id\":\"https:\\\/\\\/www.foodfibel.de\\\/blog\\\/gutschein\\\/#primaryimage\"},\"image\":{\"@id\":\"https:\\\/\\\/www.foodfibel.de\\\/blog\\\/gutschein\\\/#primaryimage\"},\"thumbnailUrl\":\"https:\\\/\\\/www.foodfibel.de\\\/blog\\\/wp-content\\\/uploads\\\/2021\\\/12\\\/xmas-2021-scaled.jpg\",\"datePublished\":\"2018-11-29T07:27:34+00:00\",\"dateModified\":\"2022-01-04T16:03:45+00:00\",\"breadcrumb\":{\"@id\":\"https:\\\/\\\/www.foodfibel.de\\\/blog\\\/gutschein\\\/#breadcrumb\"},\"inLanguage\":\"de\",\"potentialAction\":[{\"@type\":\"ReadAction\",\"target\":[\"https:\\\/\\\/www.foodfibel.de\\\/blog\\\/gutschein\\\/\"]}]},{\"@type\":\"ImageObject\",\"inLanguage\":\"de\",\"@id\":\"https:\\\/\\\/www.foodfibel.de\\\/blog\\\/gutschein\\\/#primaryimage\",\"url\":\"https:\\\/\\\/www.foodfibel.de\\\/blog\\\/wp-content\\\/uploads\\\/2021\\\/12\\\/xmas-2021-scaled.jpg\",\"contentUrl\":\"https:\\\/\\\/www.foodfibel.de\\\/blog\\\/wp-content\\\/uploads\\\/2021\\\/12\\\/xmas-2021-scaled.jpg\",\"width\":2560,\"height\":1429},{\"@type\":\"BreadcrumbList\",\"@id\":\"https:\\\/\\\/www.foodfibel.de\\\/blog\\\/gutschein\\\/#breadcrumb\",\"itemListElement\":[{\"@type\":\"ListItem\",\"position\":1,\"name\":\"Startseite\",\"item\":\"https:\\\/\\\/www.foodfibel.de\\\/blog\\\/\"},{\"@type\":\"ListItem\",\"position\":2,\"name\":\"Gesundheit f\u00fcr deine Lieben: mit dem Gutschein f\u00fcr die Foodfibel-App\"}]},{\"@type\":\"WebSite\",\"@id\":\"https:\\\/\\\/www.foodfibel.de\\\/blog\\\/#website\",\"url\":\"https:\\\/\\\/www.foodfibel.de\\\/blog\\\/\",\"name\":\"Foodfibel\",\"description\":\"Gesundheit und Ern\u00e4hrungstherapie\",\"publisher\":{\"@id\":\"https:\\\/\\\/www.foodfibel.de\\\/blog\\\/#organization\"},\"potentialAction\":[{\"@type\":\"SearchAction\",\"target\":{\"@type\":\"EntryPoint\",\"urlTemplate\":\"https:\\\/\\\/www.foodfibel.de\\\/blog\\\/?s={search_term_string}\"},\"query-input\":{\"@type\":\"PropertyValueSpecification\",\"valueRequired\":true,\"valueName\":\"search_term_string\"}}],\"inLanguage\":\"de\"},{\"@type\":\"Organization\",\"@id\":\"https:\\\/\\\/www.foodfibel.de\\\/blog\\\/#organization\",\"name\":\"Foodfibel\",\"url\":\"https:\\\/\\\/www.foodfibel.de\\\/blog\\\/\",\"logo\":{\"@type\":\"ImageObject\",\"inLanguage\":\"de\",\"@id\":\"https:\\\/\\\/www.foodfibel.de\\\/blog\\\/#\\\/schema\\\/logo\\\/image\\\/\",\"url\":\"https:\\\/\\\/www.foodfibel.de\\\/blog\\\/wp-content\\\/uploads\\\/2023\\\/05\\\/cropped-website-logo-36.png\",\"contentUrl\":\"https:\\\/\\\/www.foodfibel.de\\\/blog\\\/wp-content\\\/uploads\\\/2023\\\/05\\\/cropped-website-logo-36.png\",\"width\":100,\"height\":100,\"caption\":\"Foodfibel\"},\"image\":{\"@id\":\"https:\\\/\\\/www.foodfibel.de\\\/blog\\\/#\\\/schema\\\/logo\\\/image\\\/\"},\"sameAs\":[\"https:\\\/\\\/www.facebook.com\\\/foodfibel\",\"https:\\\/\\\/x.com\\\/foodfibel\",\"https:\\\/\\\/www.instagram.com\\\/frank_lewecke\\\/\",\"https:\\\/\\\/t.me\\\/foodfibel\",\"https:\\\/\\\/de.pinterest.com\\\/foodfibel\"]}]}<\/script>\n<!-- \/ Yoast SEO plugin. -->","yoast_head_json":{"title":"Gesundheit f\u00fcr deine Lieben: mit dem Gutschein f\u00fcr die Foodfibel-App - Foodfibel","robots":{"index":"index","follow":"follow","max-snippet":"max-snippet:-1","max-image-preview":"max-image-preview:large","max-video-preview":"max-video-preview:-1"},"canonical":"https:\/\/www.foodfibel.de\/blog\/gutschein\/","og_locale":"de_DE","og_type":"article","og_title":"Gesundheit f\u00fcr deine Lieben: mit dem Gutschein f\u00fcr die Foodfibel-App - Foodfibel","og_description":"Du suchst noch ein Geschenk f\u00fcr deine Lieben? Du m\u00f6chtest deinen Eltern zu mehr Gesundheit verhelfen? Deine Kinder k\u00f6nnten Anleitung bei gesunder Ern\u00e4hrung gebrauchen? Oder du m\u00f6chtest dir das Foodfibel-Programm selber schenken lassen? Kein Problem, denn mit dem neuen Gutschein ist das Verschenken der Foodfibel-App ganz besonders einfach. Wie funktionieren Kauf und Gutschein? Nach dem ...","og_url":"https:\/\/www.foodfibel.de\/blog\/gutschein\/","og_site_name":"Foodfibel","article_publisher":"https:\/\/www.facebook.com\/foodfibel","article_modified_time":"2022-01-04T16:03:45+00:00","og_image":[{"width":2560,"height":1429,"url":"https:\/\/www.foodfibel.de\/blog\/wp-content\/uploads\/2021\/12\/xmas-2021-scaled.jpg","type":"image\/jpeg"}],"twitter_card":"summary_large_image","twitter_site":"@foodfibel","twitter_misc":{"Gesch\u00e4tzte Lesezeit":"2\u00a0Minuten"},"schema":{"@context":"https:\/\/schema.org","@graph":[{"@type":"WebPage","@id":"https:\/\/www.foodfibel.de\/blog\/gutschein\/","url":"https:\/\/www.foodfibel.de\/blog\/gutschein\/","name":"Gesundheit f\u00fcr deine Lieben: mit dem Gutschein f\u00fcr die Foodfibel-App - Foodfibel","isPartOf":{"@id":"https:\/\/www.foodfibel.de\/blog\/#website"},"primaryImageOfPage":{"@id":"https:\/\/www.foodfibel.de\/blog\/gutschein\/#primaryimage"},"image":{"@id":"https:\/\/www.foodfibel.de\/blog\/gutschein\/#primaryimage"},"thumbnailUrl":"https:\/\/www.foodfibel.de\/blog\/wp-content\/uploads\/2021\/12\/xmas-2021-scaled.jpg","datePublished":"2018-11-29T07:27:34+00:00","dateModified":"2022-01-04T16:03:45+00:00","breadcrumb":{"@id":"https:\/\/www.foodfibel.de\/blog\/gutschein\/#breadcrumb"},"inLanguage":"de","potentialAction":[{"@type":"ReadAction","target":["https:\/\/www.foodfibel.de\/blog\/gutschein\/"]}]},{"@type":"ImageObject","inLanguage":"de","@id":"https:\/\/www.foodfibel.de\/blog\/gutschein\/#primaryimage","url":"https:\/\/www.foodfibel.de\/blog\/wp-content\/uploads\/2021\/12\/xmas-2021-scaled.jpg","contentUrl":"https:\/\/www.foodfibel.de\/blog\/wp-content\/uploads\/2021\/12\/xmas-2021-scaled.jpg","width":2560,"height":1429},{"@type":"BreadcrumbList","@id":"https:\/\/www.foodfibel.de\/blog\/gutschein\/#breadcrumb","itemListElement":[{"@type":"ListItem","position":1,"name":"Startseite","item":"https:\/\/www.foodfibel.de\/blog\/"},{"@type":"ListItem","position":2,"name":"Gesundheit f\u00fcr deine Lieben: mit dem Gutschein f\u00fcr die Foodfibel-App"}]},{"@type":"WebSite","@id":"https:\/\/www.foodfibel.de\/blog\/#website","url":"https:\/\/www.foodfibel.de\/blog\/","name":"Foodfibel","description":"Gesundheit und Ern\u00e4hrungstherapie","publisher":{"@id":"https:\/\/www.foodfibel.de\/blog\/#organization"},"potentialAction":[{"@type":"SearchAction","target":{"@type":"EntryPoint","urlTemplate":"https:\/\/www.foodfibel.de\/blog\/?s={search_term_string}"},"query-input":{"@type":"PropertyValueSpecification","valueRequired":true,"valueName":"search_term_string"}}],"inLanguage":"de"},{"@type":"Organization","@id":"https:\/\/www.foodfibel.de\/blog\/#organization","name":"Foodfibel","url":"https:\/\/www.foodfibel.de\/blog\/","logo":{"@type":"ImageObject","inLanguage":"de","@id":"https:\/\/www.foodfibel.de\/blog\/#\/schema\/logo\/image\/","url":"https:\/\/www.foodfibel.de\/blog\/wp-content\/uploads\/2023\/05\/cropped-website-logo-36.png","contentUrl":"https:\/\/www.foodfibel.de\/blog\/wp-content\/uploads\/2023\/05\/cropped-website-logo-36.png","width":100,"height":100,"caption":"Foodfibel"},"image":{"@id":"https:\/\/www.foodfibel.de\/blog\/#\/schema\/logo\/image\/"},"sameAs":["https:\/\/www.facebook.com\/foodfibel","https:\/\/x.com\/foodfibel","https:\/\/www.instagram.com\/frank_lewecke\/","https:\/\/t.me\/foodfibel","https:\/\/de.pinterest.com\/foodfibel"]}]}},"_links":{"self":[{"href":"https:\/\/www.foodfibel.de\/blog\/wp-json\/wp\/v2\/pages\/879","targetHints":{"allow":["GET"]}}],"collection":[{"href":"https:\/\/www.foodfibel.de\/blog\/wp-json\/wp\/v2\/pages"}],"about":[{"href":"https:\/\/www.foodfibel.de\/blog\/wp-json\/wp\/v2\/types\/page"}],"author":[{"embeddable":true,"href":"https:\/\/www.foodfibel.de\/blog\/wp-json\/wp\/v2\/users\/1"}],"replies":[{"embeddable":true,"href":"https:\/\/www.foodfibel.de\/blog\/wp-json\/wp\/v2\/comments?post=879"}],"version-history":[{"count":0,"href":"https:\/\/www.foodfibel.de\/blog\/wp-json\/wp\/v2\/pages\/879\/revisions"}],"wp:featuredmedia":[{"embeddable":true,"href":"https:\/\/www.foodfibel.de\/blog\/wp-json\/wp\/v2\/media\/7870"}],"wp:attachment":[{"href":"https:\/\/www.foodfibel.de\/blog\/wp-json\/wp\/v2\/media?parent=879"}],"curies":[{"name":"wp","href":"https:\/\/api.w.org\/{rel}","templated":true}]}}